{"id":8,"date":"2024-11-08T20:57:53","date_gmt":"2024-11-08T19:57:53","guid":{"rendered":"http:\/\/allpastudio.com\/?page_id=8"},"modified":"2024-11-09T18:56:33","modified_gmt":"2024-11-09T17:56:33","slug":"le-nouveau-e-mucem-ouvre-ses-portes-2","status":"publish","type":"page","link":"https:\/\/allpastudio.com\/","title":{"rendered":"Contemporary Art Studio"},"content":{"rendered":"<p>[et_pb_section fb_built=\u00a0\u00bb1&Prime; _builder_version=\u00a0\u00bb4.16&Prime; global_colors_info=\u00a0\u00bb{}\u00a0\u00bb][et_pb_row column_structure=\u00a0\u00bb1_2,1_2&Prime; _builder_version=\u00a0\u00bb4.25.0&Prime; background_image=\u00a0\u00bbhttps:\/\/allpastudio.com\/wp-content\/uploads\/2024\/11\/Hoffman-Exhibition-Brussels-Sablon-scaled.jpeg\u00a0\u00bb background_repeat=\u00a0\u00bbrepeat\u00a0\u00bb max_width=\u00a0\u00bb1321px\u00a0\u00bb min_height=\u00a0\u00bb620px\u00a0\u00bb hover_enabled=\u00a0\u00bb0&Prime; global_colors_info=\u00a0\u00bb{}\u00a0\u00bb sticky_enabled=\u00a0\u00bb0&Prime;][et_pb_column type=\u00a0\u00bb1_2&Prime; _builder_version=\u00a0\u00bb4.16&Prime; custom_padding=\u00a0\u00bb|||\u00a0\u00bb global_colors_info=\u00a0\u00bb{}\u00a0\u00bb custom_padding__hover=\u00a0\u00bb|||\u00a0\u00bb][\/et_pb_column][et_pb_column type=\u00a0\u00bb1_2&Prime; _builder_version=\u00a0\u00bb4.16&Prime; custom_padding=\u00a0\u00bb|||\u00a0\u00bb global_colors_info=\u00a0\u00bb{}\u00a0\u00bb custom_padding__hover=\u00a0\u00bb|||\u00a0\u00bb][et_pb_text _builder_version=\u00a0\u00bb4.25.0&Prime; _module_preset=\u00a0\u00bbdefault\u00a0\u00bb text_font=\u00a0\u00bbRoboto||||||||\u00a0\u00bb text_text_color=\u00a0\u00bb#FFFFFF\u00a0\u00bb header_2_font=\u00a0\u00bbRoboto||||||||\u00a0\u00bb header_2_text_color=\u00a0\u00bb#FFFFFF\u00a0\u00bb background_color=\u00a0\u00bb#000000&Prime; custom_margin=\u00a0\u00bb400px||||false|false\u00a0\u00bb custom_padding=\u00a0\u00bb26px||20px|20px|false|false\u00a0\u00bb hover_enabled=\u00a0\u00bb0&Prime; global_colors_info=\u00a0\u00bb{}\u00a0\u00bb sticky_enabled=\u00a0\u00bb0&Prime;]<\/p>\n<h2>Po\u00e8me Infini &#8211; Eduardo Hoffmann<br \/>Opening on Thursday the 28th of November<br \/>6 PM to 9PM In Presence of the Artist<\/h2>\n<p>[\/et_pb_text][\/et_pb_column][\/et_pb_row][et_pb_row _builder_version=\u00a0\u00bb4.25.0&Prime; _module_preset=\u00a0\u00bbdefault\u00a0\u00bb column_structure=\u00a0\u00bb1_2,1_2&Prime; max_width=\u00a0\u00bb1321px\u00a0\u00bb hover_enabled=\u00a0\u00bb0&Prime; sticky_enabled=\u00a0\u00bb0&Prime; make_equal=\u00a0\u00bbon\u00a0\u00bb][et_pb_column _builder_version=\u00a0\u00bb4.25.0&Prime; _module_preset=\u00a0\u00bbdefault\u00a0\u00bb type=\u00a0\u00bb1_2&Prime; background_color=\u00a0\u00bb#000000&Prime; hover_enabled=\u00a0\u00bb0&Prime; sticky_enabled=\u00a0\u00bb0&Prime;][et_pb_image src=\u00a0\u00bbhttps:\/\/allpastudio.com\/wp-content\/uploads\/2024\/11\/Allpa-Sudio-Blanc.png\u00a0\u00bb _builder_version=\u00a0\u00bb4.25.0&Prime; _module_preset=\u00a0\u00bbdefault\u00a0\u00bb alt=\u00a0\u00bbAllpa Studio Brussels\u00a0\u00bb title_text=\u00a0\u00bbAllpa Sudio Brussels\u00a0\u00bb hover_enabled=\u00a0\u00bb0&Prime; sticky_enabled=\u00a0\u00bb0&Prime; background_color=\u00a0\u00bbRGBA(255,255,255,0)\u00a0\u00bb custom_margin=\u00a0\u00bb120px|0px|0px|0px|false|false\u00a0\u00bb custom_padding=\u00a0\u00bb20px|0px|0px|40px|false|false\u00a0\u00bb width=\u00a0\u00bb55%\u00a0\u00bb max_width=\u00a0\u00bb100%\u00a0\u00bb][\/et_pb_image][et_pb_text _builder_version=\u00a0\u00bb4.25.0&Prime; _module_preset=\u00a0\u00bbdefault\u00a0\u00bb hover_enabled=\u00a0\u00bb0&Prime; sticky_enabled=\u00a0\u00bb0&Prime; custom_margin=\u00a0\u00bb0px|0px|20px|0px|false|false\u00a0\u00bb custom_padding=\u00a0\u00bb0px|30px|30px|30px|false|false\u00a0\u00bb background_color=\u00a0\u00bb#000000&Prime; text_text_color=\u00a0\u00bb#FFFFFF\u00a0\u00bb text_font=\u00a0\u00bbRoboto|300|||||||\u00a0\u00bb]<\/p>\n<p>The word \u201cALLPA\u201d originates from Quechua, the indigenous language of the Andes, and means \u201csoil\u201d or \u201cearth.\u201d<\/p>\n<p>Representing both the cultural universe of Latin-America and the source of precious stones, gems and metals.<\/p>\n<p>Inspired by the collaboration between VF Art Projects and B\u00e9n\u00e9dikt A\u00efchel\u00e9 Joaillier.<\/p>\n<p>[\/et_pb_text][\/et_pb_column][et_pb_column _builder_version=\u00a0\u00bb4.25.0&Prime; _module_preset=\u00a0\u00bbdefault\u00a0\u00bb type=\u00a0\u00bb1_2&Prime; border_width_all=\u00a0\u00bb3px\u00a0\u00bb hover_enabled=\u00a0\u00bb0&Prime; sticky_enabled=\u00a0\u00bb0&Prime;][et_pb_text _builder_version=\u00a0\u00bb4.25.0&Prime; _module_preset=\u00a0\u00bbdefault\u00a0\u00bb hover_enabled=\u00a0\u00bb0&Prime; sticky_enabled=\u00a0\u00bb0&Prime; header_3_font=\u00a0\u00bbRoboto|300|||||||\u00a0\u00bb custom_margin=\u00a0\u00bb20px|0px|0px|0px|false|false\u00a0\u00bb custom_padding=\u00a0\u00bb0px|0px|0px|30px|false|false\u00a0\u00bb]<\/p>\n<h3 style=\"text-align: left;\">Where to find us ?<\/h3>\n<p>[\/et_pb_text][et_pb_text _builder_version=\u00a0\u00bb4.25.0&Prime; _module_preset=\u00a0\u00bbdefault\u00a0\u00bb hover_enabled=\u00a0\u00bb0&Prime; sticky_enabled=\u00a0\u00bb0&Prime; text_font=\u00a0\u00bbRoboto|300|||||||\u00a0\u00bb link_font=\u00a0\u00bbRoboto||||||||\u00a0\u00bb text_text_color=\u00a0\u00bb#000000&Prime; link_text_color=\u00a0\u00bb#000000&Prime; custom_margin=\u00a0\u00bb0px||0px||false|false\u00a0\u00bb]<\/p>\n<p style=\"text-align: center;\">On the First Floor of the B\u00e9n\u00e9dikt A\u00efchel\u00e9 Jewelry<br \/><a href=\"https:\/\/g.page\/benediktaichelejoailllier?we\" target=\"_blank\" rel=\"noopener noreferrer\"><strong>Rue de Rollebeek 35.<\/strong> &#8211; 1000 Bruxelles<\/a><br \/>Open <strong>Wednesday to Saturday from 11AM to 7PM<\/strong><br \/>on <strong>Sundays from 11AM to 5PM<\/strong><br \/><a href=\"tel:003224158510\">+32 24 15 85 10<\/a><\/p>\n<p>[\/et_pb_text][et_pb_code _builder_version=\u00a0\u00bb4.25.0&Prime; _module_preset=\u00a0\u00bbdefault\u00a0\u00bb hover_enabled=\u00a0\u00bb0&Prime; sticky_enabled=\u00a0\u00bb0&Prime; module_alignment=\u00a0\u00bbcenter\u00a0\u00bb text_orientation=\u00a0\u00bbcenter\u00a0\u00bb custom_margin=\u00a0\u00bb20px|0px|20px|0px|true|false\u00a0\u00bb custom_padding=\u00a0\u00bb0px|0px|0px|0px|false|false\u00a0\u00bb]<iframe loading=\"lazy\" src=\"https:\/\/www.google.com\/maps\/embed?pb=!1m18!1m12!1m3!1d2519.432620706002!2d4.351141951594335!3d50.84167257943072!2m3!1f0!2f0!3f0!3m2!1i1024!2i768!4f13.1!3m3!1m2!1s0x47c3c47c3ead3329%3A0xe0dca7409c56c143!2sRue%20de%20Rollebeek%2035%2C%201000%20Bruxelles%2C%20Belgique!5e0!3m2!1sfr!2sfr!4v1592933078663!5m2!1sfr!2sfr\" width=\"400\" height=\"300\" frameborder=\"0\" style=\"border:0;\" allowfullscreen=\"\" aria-hidden=\"false\" tabindex=\"0\"><\/iframe>[\/et_pb_code][\/et_pb_column][\/et_pb_row][\/et_pb_section]<\/p>\n","protected":false},"excerpt":{"rendered":"<p>Po\u00e8me Infini &#8211; Eduardo HoffmannOpening on Thursday the 28th of November6 PM to 9PM In Presence of the ArtistThe word \u201cALLPA\u201d originates from Quechua, the indigenous language of the Andes, and means \u201csoil\u201d or \u201cearth.\u201d Representing both the cultural universe of Latin-America and the source of precious stones, gems and metals. Inspired by the collaboration [&hellip;]<\/p>\n","protected":false},"author":1,"featured_media":7,"parent":0,"menu_order":0,"comment_status":"closed","ping_status":"closed","template":"","meta":{"_et_pb_use_builder":"on","_et_pb_old_content":"<!-- wp:heading -->\r\n<h2 class=\"wp-block-heading\">Brusssels - Sablon<\/h2>\r\n<!-- \/wp:heading -->\r\n\r\n<!-- wp:group {\"align\":\"wide\"} -->\r\n<div class=\"wp-block-group alignwide\"><!-- wp:heading {\"textAlign\":\"center\"} -->\r\n<h2 class=\"wp-block-heading has-text-align-center\">La premi\u00e8re destination pour l\u2019art moderne dans le nord de la Su\u00e8de. Ouvert de 10h \u00e0 18h tous les jours pendant les mois d\u2019\u00e9t\u00e9.<\/h2>\r\n<!-- \/wp:heading --><\/div>\r\n<!-- \/wp:group -->\r\n\r\n<!-- wp:columns {\"align\":\"wide\"} -->\r\n<div class=\"wp-block-columns alignwide\"><!-- wp:column -->\r\n<div class=\"wp-block-column\"><!-- wp:group -->\r\n<div class=\"wp-block-group\"><!-- wp:image {\"id\":37,\"sizeSlug\":\"full\",\"align\":\"full\"} -->\r\n<figure class=\"wp-block-image alignfull size-full\"><img src=\"http:\/\/allpastudio.com\/wp-content\/themes\/twentytwenty\/assets\/images\/2020-three-quarters-1.png\" alt=\"\" class=\"wp-image-37\"\/><\/figure>\r\n<!-- \/wp:image -->\r\n\r\n<!-- wp:heading {\"level\":3} -->\r\n<h3 class=\"wp-block-heading\">Travaux et jours<\/h3>\r\n<!-- \/wp:heading -->\r\n\r\n<!-- wp:paragraph -->\r\n<p>1er ao\u00fbt au 1er d\u00e9cembre<\/p>\r\n<!-- \/wp:paragraph -->\r\n\r\n<!-- wp:button {\"className\":\"is-style-outline\"} -->\r\n<div class=\"wp-block-button is-style-outline\"><a class=\"wp-block-button__link wp-element-button\" href=\"https:\/\/make.wordpress.org\/core\/2019\/09\/27\/block-editor-theme-related-updates-in-wordpress-5-3\/\">Lire la suite<\/a><\/div>\r\n<!-- \/wp:button --><\/div>\r\n<!-- \/wp:group -->\r\n\r\n<!-- wp:group -->\r\n<div class=\"wp-block-group\"><!-- wp:image {\"id\":37,\"sizeSlug\":\"full\",\"align\":\"full\"} -->\r\n<figure class=\"wp-block-image alignfull size-full\"><img src=\"http:\/\/allpastudio.com\/wp-content\/themes\/twentytwenty\/assets\/images\/2020-three-quarters-3.png\" alt=\"\" class=\"wp-image-37\"\/><\/figure>\r\n<!-- \/wp:image -->\r\n\r\n<!-- wp:heading {\"level\":3} -->\r\n<h3 class=\"wp-block-heading\">Th\u00e9\u00e2tre des op\u00e9rations<\/h3>\r\n<!-- \/wp:heading -->\r\n\r\n<!-- wp:paragraph -->\r\n<p>1er octobre au 1er d\u00e9cembre<\/p>\r\n<!-- \/wp:paragraph -->\r\n\r\n<!-- wp:button {\"className\":\"is-style-outline\"} -->\r\n<div class=\"wp-block-button is-style-outline\"><a class=\"wp-block-button__link wp-element-button\" href=\"https:\/\/make.wordpress.org\/core\/2019\/09\/27\/block-editor-theme-related-updates-in-wordpress-5-3\/\">Lire la suite<\/a><\/div>\r\n<!-- \/wp:button --><\/div>\r\n<!-- \/wp:group --><\/div>\r\n<!-- \/wp:column -->\r\n\r\n<!-- wp:column -->\r\n<div class=\"wp-block-column\"><!-- wp:group -->\r\n<div class=\"wp-block-group\"><!-- wp:image {\"id\":37,\"sizeSlug\":\"full\",\"align\":\"full\"} -->\r\n<figure class=\"wp-block-image alignfull size-full\"><img src=\"http:\/\/allpastudio.com\/wp-content\/themes\/twentytwenty\/assets\/images\/2020-three-quarters-2.png\" alt=\"\" class=\"wp-image-37\"\/><\/figure>\r\n<!-- \/wp:image -->\r\n\r\n<!-- wp:heading {\"level\":3} -->\r\n<h3 class=\"wp-block-heading\">La vie que je m\u00e9rite<\/h3>\r\n<!-- \/wp:heading -->\r\n\r\n<!-- wp:paragraph -->\r\n<p>1er ao\u00fbt au 1er d\u00e9cembre<\/p>\r\n<!-- \/wp:paragraph -->\r\n\r\n<!-- wp:button {\"className\":\"is-style-outline\"} -->\r\n<div class=\"wp-block-button is-style-outline\"><a class=\"wp-block-button__link wp-element-button\" href=\"https:\/\/make.wordpress.org\/core\/2019\/09\/27\/block-editor-theme-related-updates-in-wordpress-5-3\/\">Lire la suite<\/a><\/div>\r\n<!-- \/wp:button --><\/div>\r\n<!-- \/wp:group -->\r\n\r\n<!-- wp:group -->\r\n<div class=\"wp-block-group\"><!-- wp:image {\"id\":37,\"sizeSlug\":\"full\",\"align\":\"full\"} -->\r\n<figure class=\"wp-block-image alignfull size-full\"><img src=\"http:\/\/allpastudio.com\/wp-content\/themes\/twentytwenty\/assets\/images\/2020-three-quarters-4.png\" alt=\"\" class=\"wp-image-37\"\/><\/figure>\r\n<!-- \/wp:image -->\r\n\r\n<!-- wp:heading {\"level\":3} -->\r\n<h3 class=\"wp-block-heading\">De Signac \u00e0 Matisse<\/h3>\r\n<!-- \/wp:heading -->\r\n\r\n<!-- wp:paragraph -->\r\n<p>1er octobre au 1er d\u00e9cembre<\/p>\r\n<!-- \/wp:paragraph -->\r\n\r\n<!-- wp:button {\"className\":\"is-style-outline\"} -->\r\n<div class=\"wp-block-button is-style-outline\"><a class=\"wp-block-button__link wp-element-button\" href=\"https:\/\/make.wordpress.org\/core\/2019\/09\/27\/block-editor-theme-related-updates-in-wordpress-5-3\/\">Lire la suite<\/a><\/div>\r\n<!-- \/wp:button --><\/div>\r\n<!-- \/wp:group --><\/div>\r\n<!-- \/wp:column --><\/div>\r\n<!-- \/wp:columns -->\r\n\r\n<!-- wp:image {\"id\":37,\"sizeSlug\":\"full\",\"align\":\"full\"} -->\r\n<figure class=\"wp-block-image alignfull size-full\"><img src=\"http:\/\/allpastudio.com\/wp-content\/themes\/twentytwenty\/assets\/images\/2020-landscape-2.png\" alt=\"\" class=\"wp-image-37\"\/><\/figure>\r\n<!-- \/wp:image -->\r\n\r\n<!-- wp:group {\"align\":\"wide\"} -->\r\n<div class=\"wp-block-group alignwide\"><!-- wp:heading {\"textAlign\":\"center\",\"textColor\":\"accent\"} -->\r\n<h2 class=\"wp-block-heading has-text-align-center has-accent-color has-text-color\">\u00ab\u00a0Les cyborgs, comme l\u2019a fait remarquer la philosophe Donna Haraway, ne sont pas respectueux. Ils ne se souviennent pas du cosmos.\u00a0\u00bb<\/h2>\r\n<!-- \/wp:heading --><\/div>\r\n<!-- \/wp:group -->\r\n\r\n<!-- wp:paragraph {\"dropCap\":true} -->\r\n<p class=\"has-drop-cap\">Avec ses sept \u00e9tages d\u2019architecture remarquable, le E-Mucem pr\u00e9sente des expositions d\u2019art contemporain international, parfois accompagn\u00e9es de r\u00e9trospectives sur l\u2019histoire de l\u2019art. Les questions existentielles, politiques et philosophiques font partie int\u00e9grante de notre programme. En tant que visiteur, vous \u00eates invit\u00e9 \u00e0 des visites guid\u00e9es, des conf\u00e9rences, des projections de films et d\u2019autres \u00e9v\u00e8nements avec entr\u00e9e gratuite.<\/p>\r\n<!-- \/wp:paragraph -->\r\n\r\n<!-- wp:paragraph -->\r\n<p>Les expositions sont produites par le E-Mucem en collaboration avec des artistes et des mus\u00e9es du monde entier et attirent souvent l\u2019attention internationale. Le E-Mucem a re\u00e7u une mention sp\u00e9ciale du Mus\u00e9e europ\u00e9en de l\u2019ann\u00e9e et a \u00e9t\u00e9 l\u2019un des meilleurs candidats pour le Prix du Mus\u00e9e m\u00e9diterran\u00e9en de l\u2019ann\u00e9e ainsi que pour le Prix du Mus\u00e9e du Conseil de l\u2019Europe.<\/p>\r\n<!-- \/wp:paragraph -->\r\n\r\n<!-- wp:paragraph -->\r\n<p><\/p>\r\n<!-- \/wp:paragraph -->\r\n\r\n<!-- wp:group {\"align\":\"wide\",\"style\":{\"color\":{\"background\":\"#ffffff\"}}} -->\r\n<div class=\"wp-block-group alignwide has-background\" style=\"background-color:#ffffff\"><!-- wp:group -->\r\n<div class=\"wp-block-group\"><!-- wp:heading {\"textAlign\":\"center\"} -->\r\n<h2 class=\"wp-block-heading has-text-align-center\">Devenez membre et obtenez des offres exclusives\u00a0!<\/h2>\r\n<!-- \/wp:heading -->\r\n\r\n<!-- wp:paragraph {\"align\":\"center\"} -->\r\n<p class=\"has-text-align-center\">Les adh\u00e9rent\u00b7es ont acc\u00e8s \u00e0 des expositions et des ventes exclusives. Notre abonnement co\u00fbtent $99.99 et est factur\u00e9 annuellement.<\/p>\r\n<!-- \/wp:paragraph -->\r\n\r\n<!-- wp:button {\"className\":\"aligncenter\"} -->\r\n<div class=\"wp-block-button aligncenter\"><a class=\"wp-block-button__link wp-element-button\" href=\"https:\/\/make.wordpress.org\/core\/2019\/09\/27\/block-editor-theme-related-updates-in-wordpress-5-3\/\">Rejoignez le club<\/a><\/div>\r\n<!-- \/wp:button --><\/div>\r\n<!-- \/wp:group --><\/div>\r\n<!-- \/wp:group -->\r\n\r\n<!-- wp:gallery {\"linkTo\":\"none\",\"align\":\"wide\"} -->\r\n<figure class=\"wp-block-gallery alignwide has-nested-images columns-default is-cropped\"><!-- wp:image {\"id\":39,\"sizeSlug\":\"large\",\"linkDestination\":\"none\"} -->\r\n<figure class=\"wp-block-image size-large\"><img src=\"http:\/\/allpastudio.com\/wp-content\/themes\/twentytwenty\/assets\/images\/2020-square-2.png\" alt=\"\" class=\"wp-image-39\"\/><\/figure>\r\n<!-- \/wp:image -->\r\n\r\n<!-- wp:image {\"id\":38,\"sizeSlug\":\"large\",\"linkDestination\":\"none\"} -->\r\n<figure class=\"wp-block-image size-large\"><img src=\"http:\/\/allpastudio.com\/wp-content\/themes\/twentytwenty\/assets\/images\/2020-square-1.png\" alt=\"\" class=\"wp-image-38\"\/><\/figure>\r\n<!-- \/wp:image --><\/figure>\r\n<!-- \/wp:gallery -->","_et_gb_content_width":"","footnotes":""},"class_list":["post-8","page","type-page","status-publish","has-post-thumbnail","hentry"],"_links":{"self":[{"href":"https:\/\/allpastudio.com\/index.php\/wp-json\/wp\/v2\/pages\/8","targetHints":{"allow":["GET"]}}],"collection":[{"href":"https:\/\/allpastudio.com\/index.php\/wp-json\/wp\/v2\/pages"}],"about":[{"href":"https:\/\/allpastudio.com\/index.php\/wp-json\/wp\/v2\/types\/page"}],"author":[{"embeddable":true,"href":"https:\/\/allpastudio.com\/index.php\/wp-json\/wp\/v2\/users\/1"}],"replies":[{"embeddable":true,"href":"https:\/\/allpastudio.com\/index.php\/wp-json\/wp\/v2\/comments?post=8"}],"version-history":[{"count":10,"href":"https:\/\/allpastudio.com\/index.php\/wp-json\/wp\/v2\/pages\/8\/revisions"}],"predecessor-version":[{"id":90,"href":"https:\/\/allpastudio.com\/index.php\/wp-json\/wp\/v2\/pages\/8\/revisions\/90"}],"wp:featuredmedia":[{"embeddable":true,"href":"https:\/\/allpastudio.com\/index.php\/wp-json\/wp\/v2\/media\/7"}],"wp:attachment":[{"href":"https:\/\/allpastudio.com\/index.php\/wp-json\/wp\/v2\/media?parent=8"}],"curies":[{"name":"wp","href":"https:\/\/api.w.org\/{rel}","templated":true}]}}